{"id":4211,"date":"2019-03-08T12:21:38","date_gmt":"2019-03-08T11:21:38","guid":{"rendered":"https:\/\/ergoschwungblomberg.de\/?page_id=4211"},"modified":"2019-03-28T19:28:24","modified_gmt":"2019-03-28T18:28:24","slug":"einwilligungserklaerung","status":"publish","type":"page","link":"https:\/\/ergoschwungblomberg.de\/en\/einwilligungserklaerung\/","title":{"rendered":"Einwilligungserkl\u00e4rung"},"content":{"rendered":"<div data-elementor-type=\"wp-post\" data-elementor-id=\"4211\" class=\"elementor elementor-4211\" data-elementor-post-type=\"page\">\n\t\t\t\t\t\t<section class=\"elementor-section elementor-top-section elementor-element elementor-element-5cf1be41 elementor-section-stretched elementor-section-full_width elementor-section-height-default elementor-section-height-default\" data-id=\"5cf1be41\" data-element_type=\"section\" data-e-type=\"section\" data-settings=\"{&quot;stretch_section&quot;:&quot;section-stretched&quot;,&quot;background_background&quot;:&quot;classic&quot;}\">\n\t\t\t\t\t\t\t<div class=\"elementor-background-overlay\"><\/div>\n\t\t\t\t\t\t\t<div class=\"elementor-container elementor-column-gap-default\">\n\t\t\t\t\t<div class=\"elementor-column elementor-col-100 elementor-top-column elementor-element elementor-element-17cc1c7\" data-id=\"17cc1c7\" data-element_type=\"column\" data-e-type=\"column\">\n\t\t\t<div class=\"elementor-widget-wrap elementor-element-populated\">\n\t\t\t\t\t\t<div class=\"elementor-element elementor-element-bc710d7 elementor-widget elementor-widget-heading\" data-id=\"bc710d7\" data-element_type=\"widget\" data-e-type=\"widget\" data-widget_type=\"heading.default\">\n\t\t\t\t<div class=\"elementor-widget-container\">\n\t\t\t\t\t<h1 class=\"elementor-heading-title elementor-size-default\">Einwilligungserkl\u00e4rung<\/h1>\t\t\t\t<\/div>\n\t\t\t\t<\/div>\n\t\t\t\t\t<\/div>\n\t\t<\/div>\n\t\t\t\t\t<\/div>\n\t\t<\/section>\n\t\t\t\t<section class=\"elementor-section elementor-top-section elementor-element elementor-element-5a2ec2a4 elementor-section-boxed elementor-section-height-default elementor-section-height-default\" data-id=\"5a2ec2a4\" data-element_type=\"section\" data-e-type=\"section\" data-settings=\"{&quot;background_background&quot;:&quot;classic&quot;}\">\n\t\t\t\t\t\t<div class=\"elementor-container elementor-column-gap-default\">\n\t\t\t\t\t<div class=\"elementor-column elementor-col-100 elementor-top-column elementor-element elementor-element-648fe2fe\" data-id=\"648fe2fe\" data-element_type=\"column\" data-e-type=\"column\">\n\t\t\t<div class=\"elementor-widget-wrap elementor-element-populated\">\n\t\t\t\t\t\t<div class=\"elementor-element elementor-element-2828d891 elementor-widget elementor-widget-text-editor\" data-id=\"2828d891\" data-element_type=\"widget\" data-e-type=\"widget\" data-widget_type=\"text-editor.default\">\n\t\t\t\t<div class=\"elementor-widget-container\">\n\t\t\t\t\t\t\t\t\t<div class=\"margin-top-10-vh default_container margin-top-5\"><p style=\"font-size: 16px; font-weight: 400;\"><span style=\"font-weight: bolder;\">Einwilligungserkl\u00e4rung zur Erhebung \/ \u00dcbermittlung von\u00a0<\/span><span style=\"font-weight: bolder;\">Patientendaten<\/span><\/p><p style=\"font-size: 16px; font-weight: 400;\">Durch die Nutzung des Kontaktformulars\u00a0<span style=\"font-size: 1rem;\">erkl\u00e4re ich mich damit einverstanden, dass:<\/span><\/p><ul style=\"font-size: 16px; font-weight: 400;\"><li>mich betreffende Behandlungsdaten und Befunde bei \u00c4rzten\/Psychotherapeuten und anderen Leistungserbringern zum Zweck der Dokumentation und der weiteren Behandlung angefordert werden k\u00f6nnen.<br \/><br \/><\/li><li>mich betreffende Behandlungsdaten und Befunde an mich behandelnde \u00c4rzte\/Psychotherapeuten und andere Leistungserbringer \u00fcbermittelt werden d\u00fcrfen. <br \/><br \/><\/li><li>mich betreffende Behandlungsdaten und Befunde an folgende Personen (z. B. Angeh\u00f6rige, Pflegepersonal, Lehrer, Erzieher, weitere) zum Zweck der besseren Wirksamkeit der Behandlung und der interdisziplin\u00e4ren Zusammenarbeit weitergegeben werden d\u00fcrfen.<\/li><\/ul><p style=\"font-size: 16px; font-weight: 400;\">Mir ist bekannt, dass ich diese Erkl\u00e4rung jederzeit ganz oder teilweise f\u00fcr die Zukunft widerrufen kann.<\/p><\/div>\t\t\t\t\t\t\t\t<\/div>\n\t\t\t\t<\/div>\n\t\t\t\t\t<\/div>\n\t\t<\/div>\n\t\t\t\t\t<\/div>\n\t\t<\/section>\n\t\t\t\t<\/div>","protected":false},"excerpt":{"rendered":"<p>Einwilligungserkl\u00e4rung Einwilligungserkl\u00e4rung zur Erhebung \/ \u00dcbermittlung von&nbsp;Patientendaten Durch die Nutzung des Kontaktformulars&nbsp;erkl\u00e4re ich mich damit einverstanden, dass: mich betreffende Behandlungsdaten und Befunde bei \u00c4rzten\/Psychotherapeuten und anderen Leistungserbringern zum Zweck der Dokumentation und der weiteren Behandlung angefordert werden k\u00f6nnen. mich betreffende Behandlungsdaten und Befunde an mich behandelnde \u00c4rzte\/Psychotherapeuten und andere Leistungserbringer \u00fcbermittelt werden d\u00fcrfen. mich betreffende [&hellip;]<\/p>\n","protected":false},"author":3,"featured_media":0,"parent":0,"menu_order":0,"comment_status":"closed","ping_status":"closed","template":"elementor_header_footer","meta":{"footnotes":""},"class_list":["post-4211","page","type-page","status-publish","hentry"],"yoast_head":"<!-- This site is optimized with the Yoast SEO plugin v27.5 - https:\/\/yoast.com\/product\/yoast-seo-wordpress\/ -->\n<title>Einwilligungserkl\u00e4rung - Ergotherapie und Rehabilitation Schwung<\/title>\n<meta name=\"robots\" content=\"index, follow, max-snippet:-1, max-image-preview:large, max-video-preview:-1\" \/>\n<link rel=\"canonical\" href=\"https:\/\/ergoschwungblomberg.de\/en\/einwilligungserklaerung\/\" \/>\n<meta property=\"og:locale\" content=\"en_GB\" \/>\n<meta property=\"og:type\" content=\"article\" \/>\n<meta property=\"og:title\" content=\"Einwilligungserkl\u00e4rung - Ergotherapie und Rehabilitation Schwung\" \/>\n<meta property=\"og:description\" content=\"Einwilligungserkl\u00e4rung Einwilligungserkl\u00e4rung zur Erhebung \/ \u00dcbermittlung von&nbsp;Patientendaten Durch die Nutzung des Kontaktformulars&nbsp;erkl\u00e4re ich mich damit einverstanden, dass: mich betreffende Behandlungsdaten und Befunde bei \u00c4rzten\/Psychotherapeuten und anderen Leistungserbringern zum Zweck der Dokumentation und der weiteren Behandlung angefordert werden k\u00f6nnen. mich betreffende Behandlungsdaten und Befunde an mich behandelnde \u00c4rzte\/Psychotherapeuten und andere Leistungserbringer \u00fcbermittelt werden d\u00fcrfen. mich betreffende [&hellip;]\" \/>\n<meta property=\"og:url\" content=\"https:\/\/ergoschwungblomberg.de\/en\/einwilligungserklaerung\/\" \/>\n<meta property=\"og:site_name\" content=\"Ergotherapie und Rehabilitation Schwung\" \/>\n<meta property=\"article:modified_time\" content=\"2019-03-28T18:28:24+00:00\" \/>\n<meta name=\"twitter:card\" content=\"summary_large_image\" \/>\n<meta name=\"twitter:label1\" content=\"Estimated reading time\" \/>\n\t<meta name=\"twitter:data1\" content=\"1 minute\" \/>\n<script type=\"application\/ld+json\" class=\"yoast-schema-graph\">{\"@context\":\"https:\\\/\\\/schema.org\",\"@graph\":[{\"@type\":\"WebPage\",\"@id\":\"https:\\\/\\\/ergoschwungblomberg.de\\\/en\\\/einwilligungserklaerung\\\/\",\"url\":\"https:\\\/\\\/ergoschwungblomberg.de\\\/en\\\/einwilligungserklaerung\\\/\",\"name\":\"Einwilligungserkl\u00e4rung - Ergotherapie und Rehabilitation Schwung\",\"isPartOf\":{\"@id\":\"https:\\\/\\\/ergoschwungblomberg.de\\\/#website\"},\"datePublished\":\"2019-03-08T11:21:38+00:00\",\"dateModified\":\"2019-03-28T18:28:24+00:00\",\"breadcrumb\":{\"@id\":\"https:\\\/\\\/ergoschwungblomberg.de\\\/en\\\/einwilligungserklaerung\\\/#breadcrumb\"},\"inLanguage\":\"en-GB\",\"potentialAction\":[{\"@type\":\"ReadAction\",\"target\":[\"https:\\\/\\\/ergoschwungblomberg.de\\\/en\\\/einwilligungserklaerung\\\/\"]}]},{\"@type\":\"BreadcrumbList\",\"@id\":\"https:\\\/\\\/ergoschwungblomberg.de\\\/en\\\/einwilligungserklaerung\\\/#breadcrumb\",\"itemListElement\":[{\"@type\":\"ListItem\",\"position\":1,\"name\":\"Startseite\",\"item\":\"https:\\\/\\\/ergoschwungblomberg.de\\\/\"},{\"@type\":\"ListItem\",\"position\":2,\"name\":\"Einwilligungserkl\u00e4rung\"}]},{\"@type\":\"WebSite\",\"@id\":\"https:\\\/\\\/ergoschwungblomberg.de\\\/#website\",\"url\":\"https:\\\/\\\/ergoschwungblomberg.de\\\/\",\"name\":\"Ergotherapie und Rehabilitation Schwung\",\"description\":\"\",\"publisher\":{\"@id\":\"https:\\\/\\\/ergoschwungblomberg.de\\\/#organization\"},\"potentialAction\":[{\"@type\":\"SearchAction\",\"target\":{\"@type\":\"EntryPoint\",\"urlTemplate\":\"https:\\\/\\\/ergoschwungblomberg.de\\\/?s={search_term_string}\"},\"query-input\":{\"@type\":\"PropertyValueSpecification\",\"valueRequired\":true,\"valueName\":\"search_term_string\"}}],\"inLanguage\":\"en-GB\"},{\"@type\":\"Organization\",\"@id\":\"https:\\\/\\\/ergoschwungblomberg.de\\\/#organization\",\"name\":\"Ergotherapie Schwung\",\"url\":\"https:\\\/\\\/ergoschwungblomberg.de\\\/\",\"logo\":{\"@type\":\"ImageObject\",\"inLanguage\":\"en-GB\",\"@id\":\"https:\\\/\\\/ergoschwungblomberg.de\\\/#\\\/schema\\\/logo\\\/image\\\/\",\"url\":\"https:\\\/\\\/ergoschwungblomberg.de\\\/wp-content\\\/uploads\\\/2018\\\/11\\\/Logo_white.svg\",\"contentUrl\":\"https:\\\/\\\/ergoschwungblomberg.de\\\/wp-content\\\/uploads\\\/2018\\\/11\\\/Logo_white.svg\",\"caption\":\"Ergotherapie Schwung\"},\"image\":{\"@id\":\"https:\\\/\\\/ergoschwungblomberg.de\\\/#\\\/schema\\\/logo\\\/image\\\/\"}}]}<\/script>\n<!-- \/ Yoast SEO plugin. -->","yoast_head_json":{"title":"Einwilligungserkl\u00e4rung - Ergotherapie und Rehabilitation Schwung","robots":{"index":"index","follow":"follow","max-snippet":"max-snippet:-1","max-image-preview":"max-image-preview:large","max-video-preview":"max-video-preview:-1"},"canonical":"https:\/\/ergoschwungblomberg.de\/en\/einwilligungserklaerung\/","og_locale":"en_GB","og_type":"article","og_title":"Einwilligungserkl\u00e4rung - Ergotherapie und Rehabilitation Schwung","og_description":"Einwilligungserkl\u00e4rung Einwilligungserkl\u00e4rung zur Erhebung \/ \u00dcbermittlung von&nbsp;Patientendaten Durch die Nutzung des Kontaktformulars&nbsp;erkl\u00e4re ich mich damit einverstanden, dass: mich betreffende Behandlungsdaten und Befunde bei \u00c4rzten\/Psychotherapeuten und anderen Leistungserbringern zum Zweck der Dokumentation und der weiteren Behandlung angefordert werden k\u00f6nnen. mich betreffende Behandlungsdaten und Befunde an mich behandelnde \u00c4rzte\/Psychotherapeuten und andere Leistungserbringer \u00fcbermittelt werden d\u00fcrfen. mich betreffende [&hellip;]","og_url":"https:\/\/ergoschwungblomberg.de\/en\/einwilligungserklaerung\/","og_site_name":"Ergotherapie und Rehabilitation Schwung","article_modified_time":"2019-03-28T18:28:24+00:00","twitter_card":"summary_large_image","twitter_misc":{"Estimated reading time":"1 minute"},"schema":{"@context":"https:\/\/schema.org","@graph":[{"@type":"WebPage","@id":"https:\/\/ergoschwungblomberg.de\/en\/einwilligungserklaerung\/","url":"https:\/\/ergoschwungblomberg.de\/en\/einwilligungserklaerung\/","name":"Einwilligungserkl\u00e4rung - Ergotherapie und Rehabilitation Schwung","isPartOf":{"@id":"https:\/\/ergoschwungblomberg.de\/#website"},"datePublished":"2019-03-08T11:21:38+00:00","dateModified":"2019-03-28T18:28:24+00:00","breadcrumb":{"@id":"https:\/\/ergoschwungblomberg.de\/en\/einwilligungserklaerung\/#breadcrumb"},"inLanguage":"en-GB","potentialAction":[{"@type":"ReadAction","target":["https:\/\/ergoschwungblomberg.de\/en\/einwilligungserklaerung\/"]}]},{"@type":"BreadcrumbList","@id":"https:\/\/ergoschwungblomberg.de\/en\/einwilligungserklaerung\/#breadcrumb","itemListElement":[{"@type":"ListItem","position":1,"name":"Startseite","item":"https:\/\/ergoschwungblomberg.de\/"},{"@type":"ListItem","position":2,"name":"Einwilligungserkl\u00e4rung"}]},{"@type":"WebSite","@id":"https:\/\/ergoschwungblomberg.de\/#website","url":"https:\/\/ergoschwungblomberg.de\/","name":"Occupational therapy and rehabilitation Schwung","description":"","publisher":{"@id":"https:\/\/ergoschwungblomberg.de\/#organization"},"potentialAction":[{"@type":"SearchAction","target":{"@type":"EntryPoint","urlTemplate":"https:\/\/ergoschwungblomberg.de\/?s={search_term_string}"},"query-input":{"@type":"PropertyValueSpecification","valueRequired":true,"valueName":"search_term_string"}}],"inLanguage":"en-GB"},{"@type":"Organization","@id":"https:\/\/ergoschwungblomberg.de\/#organization","name":"Ergotherapie Schwung","url":"https:\/\/ergoschwungblomberg.de\/","logo":{"@type":"ImageObject","inLanguage":"en-GB","@id":"https:\/\/ergoschwungblomberg.de\/#\/schema\/logo\/image\/","url":"https:\/\/ergoschwungblomberg.de\/wp-content\/uploads\/2018\/11\/Logo_white.svg","contentUrl":"https:\/\/ergoschwungblomberg.de\/wp-content\/uploads\/2018\/11\/Logo_white.svg","caption":"Ergotherapie Schwung"},"image":{"@id":"https:\/\/ergoschwungblomberg.de\/#\/schema\/logo\/image\/"}}]}},"_links":{"self":[{"href":"https:\/\/ergoschwungblomberg.de\/en\/wp-json\/wp\/v2\/pages\/4211","targetHints":{"allow":["GET"]}}],"collection":[{"href":"https:\/\/ergoschwungblomberg.de\/en\/wp-json\/wp\/v2\/pages"}],"about":[{"href":"https:\/\/ergoschwungblomberg.de\/en\/wp-json\/wp\/v2\/types\/page"}],"author":[{"embeddable":true,"href":"https:\/\/ergoschwungblomberg.de\/en\/wp-json\/wp\/v2\/users\/3"}],"replies":[{"embeddable":true,"href":"https:\/\/ergoschwungblomberg.de\/en\/wp-json\/wp\/v2\/comments?post=4211"}],"version-history":[{"count":0,"href":"https:\/\/ergoschwungblomberg.de\/en\/wp-json\/wp\/v2\/pages\/4211\/revisions"}],"wp:attachment":[{"href":"https:\/\/ergoschwungblomberg.de\/en\/wp-json\/wp\/v2\/media?parent=4211"}],"curies":[{"name":"wp","href":"https:\/\/api.w.org\/{rel}","templated":true}]}}